{"id":1162,"date":"2023-02-22T10:58:41","date_gmt":"2023-02-22T10:58:41","guid":{"rendered":"https:\/\/www.locandacadelpian.it\/contact\/"},"modified":"2023-12-28T09:41:55","modified_gmt":"2023-12-28T09:41:55","slug":"contact","status":"publish","type":"page","link":"https:\/\/www.locandacadelpian.it\/fr\/contact\/","title":{"rendered":"Contact"},"content":{"rendered":"\t\t<div data-elementor-type=\"wp-page\" data-elementor-id=\"1162\" class=\"elementor elementor-1162 elementor-240\">\n\t\t\t\t\t\t<section class=\"elementor-section elementor-top-section elementor-element elementor-element-7d41f521 elementor-section-content-middle elementor-section-boxed elementor-section-height-default elementor-section-height-default\" data-id=\"7d41f521\" data-element_type=\"section\" data-settings=\"{&quot;background_background&quot;:&quot;classic&quot;}\">\n\t\t\t\t\t\t\t<div class=\"elementor-background-overlay\"><\/div>\n\t\t\t\t\t\t\t<div class=\"elementor-container elementor-column-gap-no\">\n\t\t\t\t\t<div class=\"elementor-column elementor-col-100 elementor-top-column elementor-element elementor-element-63e947\" data-id=\"63e947\" data-element_type=\"column\">\n\t\t\t<div class=\"elementor-widget-wrap elementor-element-populated\">\n\t\t\t\t\t\t<div class=\"elementor-element elementor-element-2963fc2 elementor-invisible elementor-widget elementor-widget-heading\" data-id=\"2963fc2\" data-element_type=\"widget\" data-settings=\"{&quot;_animation&quot;:&quot;fadeInUp&quot;,&quot;_animation_delay&quot;:200}\" data-widget_type=\"heading.default\">\n\t\t\t\t<div class=\"elementor-widget-container\">\n\t\t\t\t\t<h2 class=\"elementor-heading-title elementor-size-default\">CONTACTEZ-NOUS<\/h2>\t\t\t\t<\/div>\n\t\t\t\t<\/div>\n\t\t\t\t<div class=\"elementor-element elementor-element-689d5c2d elementor-button-align-end elementor-mobile-button-align-center elementor-widget elementor-widget-form\" data-id=\"689d5c2d\" data-element_type=\"widget\" data-settings=\"{&quot;step_next_label&quot;:&quot;Suivant&quot;,&quot;step_previous_label&quot;:&quot;Pr\\u00e9c\\u00e9dent&quot;,&quot;button_width&quot;:&quot;100&quot;,&quot;step_type&quot;:&quot;number_text&quot;,&quot;step_icon_shape&quot;:&quot;circle&quot;}\" data-widget_type=\"form.default\">\n\t\t\t\t<div class=\"elementor-widget-container\">\n\t\t\t\t\t\t\t<form class=\"elementor-form\" method=\"post\" name=\"Nouveau formulaire\">\n\t\t\t<input type=\"hidden\" name=\"post_id\" value=\"1162\"\/>\n\t\t\t<input type=\"hidden\" name=\"form_id\" value=\"689d5c2d\"\/>\n\t\t\t<input type=\"hidden\" name=\"referer_title\" value=\"Locanda Ca del Pian\" \/>\n\n\t\t\t\n\t\t\t<div class=\"elementor-form-fields-wrapper elementor-labels-above\">\n\t\t\t\t\t\t\t\t<div class=\"elementor-field-type-text elementor-field-group elementor-column elementor-field-group-name elementor-col-50 elementor-field-required\">\n\t\t\t\t\t\t\t\t\t\t\t\t<label for=\"form-field-name\" class=\"elementor-field-label\">\n\t\t\t\t\t\t\t\tNOM\t\t\t\t\t\t\t<\/label>\n\t\t\t\t\t\t\t\t\t\t\t\t\t\t<input size=\"1\" type=\"text\" name=\"form_fields[name]\" id=\"form-field-name\" class=\"elementor-field elementor-size-sm  elementor-field-textual\" placeholder=\"Nom\" required=\"required\" aria-required=\"true\">\n\t\t\t\t\t\t\t\t\t\t\t<\/div>\n\t\t\t\t\t\t\t\t<div class=\"elementor-field-type-text elementor-field-group elementor-column elementor-field-group-field_f9ceb2c elementor-col-50 elementor-field-required\">\n\t\t\t\t\t\t\t\t\t\t\t\t<label for=\"form-field-field_f9ceb2c\" class=\"elementor-field-label\">\n\t\t\t\t\t\t\t\tSURNAME\t\t\t\t\t\t\t<\/label>\n\t\t\t\t\t\t\t\t\t\t\t\t\t\t<input size=\"1\" type=\"text\" name=\"form_fields[field_f9ceb2c]\" id=\"form-field-field_f9ceb2c\" class=\"elementor-field elementor-size-sm  elementor-field-textual\" placeholder=\"Nom de famille\" required=\"required\" aria-required=\"true\">\n\t\t\t\t\t\t\t\t\t\t\t<\/div>\n\t\t\t\t\t\t\t\t<div class=\"elementor-field-type-email elementor-field-group elementor-column elementor-field-group-email elementor-col-50 elementor-field-required\">\n\t\t\t\t\t\t\t\t\t\t\t\t<label for=\"form-field-email\" class=\"elementor-field-label\">\n\t\t\t\t\t\t\t\tE-MAIL\t\t\t\t\t\t\t<\/label>\n\t\t\t\t\t\t\t\t\t\t\t\t\t\t<input size=\"1\" type=\"email\" name=\"form_fields[email]\" id=\"form-field-email\" class=\"elementor-field elementor-size-sm  elementor-field-textual\" placeholder=\"Courriel :\" required=\"required\" aria-required=\"true\">\n\t\t\t\t\t\t\t\t\t\t\t<\/div>\n\t\t\t\t\t\t\t\t<div class=\"elementor-field-type-text elementor-field-group elementor-column elementor-field-group-5fc6f08 elementor-col-50 elementor-field-required\">\n\t\t\t\t\t\t\t\t\t\t\t\t<label for=\"form-field-5fc6f08\" class=\"elementor-field-label\">\n\t\t\t\t\t\t\t\tT\u00e9l\u00e9phone\t\t\t\t\t\t\t<\/label>\n\t\t\t\t\t\t\t\t\t\t\t\t\t\t<input size=\"1\" type=\"text\" name=\"form_fields[5fc6f08]\" id=\"form-field-5fc6f08\" class=\"elementor-field elementor-size-sm  elementor-field-textual\" placeholder=\"+39 345 67 99 234\" required=\"required\" aria-required=\"true\">\n\t\t\t\t\t\t\t\t\t\t\t<\/div>\n\t\t\t\t\t\t\t\t<div class=\"elementor-field-type-textarea elementor-field-group elementor-column elementor-field-group-6ed25c0 elementor-col-100\">\n\t\t\t\t\t\t\t\t\t\t\t\t<label for=\"form-field-6ed25c0\" class=\"elementor-field-label\">\n\t\t\t\t\t\t\t\tMessage\t\t\t\t\t\t\t<\/label>\n\t\t\t\t\t\t<textarea class=\"elementor-field-textual elementor-field  elementor-size-sm\" name=\"form_fields[6ed25c0]\" id=\"form-field-6ed25c0\" rows=\"4\" placeholder=\"\u00c9crivez-nous\"><\/textarea>\t\t\t\t<\/div>\n\t\t\t\t\t\t\t\t<div class=\"elementor-field-type-acceptance elementor-field-group elementor-column elementor-field-group-field_4273f83 elementor-col-100 elementor-field-required\">\n\t\t\t\t\t\t\t<div class=\"elementor-field-subgroup\">\n\t\t\t<span class=\"elementor-field-option\">\n\t\t\t\t<input type=\"checkbox\" name=\"form_fields[field_4273f83]\" id=\"form-field-field_4273f83\" class=\"elementor-field elementor-size-sm  elementor-acceptance-field\" required=\"required\" aria-required=\"true\">\n\t\t\t\t<label for=\"form-field-field_4273f83\">Je confirme avoir pris connaissance et accepter le traitement de mes donn\u00e9es conform\u00e9ment au r\u00e8glement europ\u00e9en GDPR 2016\/679.  <a href=\"https:\/\/www.locandacadelpian.it\/fr\/politique-de-confidentialite\/\">Lire la politique compl\u00e8te<\/a><\/label>\t\t\t<\/span>\n\t\t<\/div>\n\t\t\t\t\t\t<\/div>\n\t\t\t\t\t\t\t\t<div class=\"elementor-field-type-recaptcha_v3 elementor-field-group elementor-column elementor-field-group-field_8a3e672 elementor-col-100 recaptcha_v3-bottomright\">\n\t\t\t\t\t<div class=\"elementor-field\" id=\"form-field-field_8a3e672\"><div class=\"elementor-g-recaptcha\" data-sitekey=\"6LfNqD4pAAAAAF4p3NRJ2i12w--HXJNdiRiTeKJP\" data-type=\"v3\" data-action=\"Form\" data-badge=\"bottomright\" data-size=\"invisible\"><\/div><\/div>\t\t\t\t<\/div>\n\t\t\t\t\t\t\t\t<div class=\"elementor-field-group elementor-column elementor-field-type-submit elementor-col-100 e-form__buttons\">\n\t\t\t\t\t<button type=\"submit\" class=\"elementor-button elementor-size-md\">\n\t\t\t\t\t\t<span >\n\t\t\t\t\t\t\t\t\t\t\t\t\t\t\t<span class=\" elementor-button-icon\">\n\t\t\t\t\t\t\t\t\t\t\t\t\t\t\t\t\t\t\t\t\t\t\t\t\t\t<\/span>\n\t\t\t\t\t\t\t\t\t\t\t\t\t\t\t\t\t\t\t\t\t\t<span class=\"elementor-button-text\">ENVOYER<\/span>\n\t\t\t\t\t\t\t\t\t\t\t\t\t<\/span>\n\t\t\t\t\t<\/button>\n\t\t\t\t<\/div>\n\t\t\t<\/div>\n\t\t<\/form>\n\t\t\t\t\t\t<\/div>\n\t\t\t\t<\/div>\n\t\t\t\t\t<\/div>\n\t\t<\/div>\n\t\t\t\t\t<\/div>\n\t\t<\/section>\n\t\t\t\t<section class=\"elementor-section elementor-top-section elementor-element elementor-element-9be43ba elementor-section-full_width elementor-section-content-middle elementor-section-height-default elementor-section-height-default\" data-id=\"9be43ba\" data-element_type=\"section\" data-settings=\"{&quot;background_background&quot;:&quot;classic&quot;}\">\n\t\t\t\t\t\t<div class=\"elementor-container elementor-column-gap-default\">\n\t\t\t\t\t<div class=\"elementor-column elementor-col-50 elementor-top-column elementor-element elementor-element-5209055\" data-id=\"5209055\" data-element_type=\"column\">\n\t\t\t<div class=\"elementor-widget-wrap elementor-element-populated\">\n\t\t\t\t\t\t<div class=\"elementor-element elementor-element-b7e65dd elementor-widget elementor-widget-google_maps\" data-id=\"b7e65dd\" data-element_type=\"widget\" data-widget_type=\"google_maps.default\">\n\t\t\t\t<div class=\"elementor-widget-container\">\n\t\t\t\t\t\t\t<div class=\"elementor-custom-embed\">\n\t\t\t<iframe loading=\"lazy\"\n\t\t\t\t\tsrc=\"https:\/\/maps.google.com\/maps?q=Localit%C3%A0%20Garavagna-%20loc.%20Scau%20di%20viet%203%2C%2012089%20Villanova%20Mondov%C3%AC%20CN&#038;t=m&#038;z=10&#038;output=embed&#038;iwloc=near\"\n\t\t\t\t\ttitle=\"Localit\u00e0 Garavagna- loc. Scau di viet 3, 12089 Villanova Mondov\u00ec CN\"\n\t\t\t\t\taria-label=\"Localit\u00e0 Garavagna- loc. Scau di viet 3, 12089 Villanova Mondov\u00ec CN\"\n\t\t\t><\/iframe>\n\t\t<\/div>\n\t\t\t\t\t\t<\/div>\n\t\t\t\t<\/div>\n\t\t\t\t\t<\/div>\n\t\t<\/div>\n\t\t\t\t<div class=\"elementor-column elementor-col-50 elementor-top-column elementor-element elementor-element-a396fee\" data-id=\"a396fee\" data-element_type=\"column\">\n\t\t\t<div class=\"elementor-widget-wrap elementor-element-populated\">\n\t\t\t\t\t\t<div class=\"elementor-element elementor-element-b1c169e elementor-widget elementor-widget-heading\" data-id=\"b1c169e\" data-element_type=\"widget\" data-widget_type=\"heading.default\">\n\t\t\t\t<div class=\"elementor-widget-container\">\n\t\t\t\t\t<h2 class=\"elementor-heading-title elementor-size-default\">comment nous joindre\n<\/h2>\t\t\t\t<\/div>\n\t\t\t\t<\/div>\n\t\t\t\t<div class=\"elementor-element elementor-element-5a424ae elementor-widget elementor-widget-text-editor\" data-id=\"5a424ae\" data-element_type=\"widget\" data-widget_type=\"text-editor.default\">\n\t\t\t\t<div class=\"elementor-widget-container\">\n\t\t\t\t\t\t\t\t\t<p>La Locanda est situ\u00e9e dans la municipalit\u00e9 de Villanova Mondov\u00ec, une fois arriv\u00e9 dans le village, nous vous conseillons d&rsquo;entrer &lsquo;Garavagna, Localit\u00e0 Scau di Viet n. 3&rsquo; dans votre GPS, vous arriverez \u00e0 la ferme apr\u00e8s quelques minutes.  <\/p>\n<p>EN VOITURE &#8211; prenez la sortie d&rsquo;autoroute Mondov\u00ec (de l&rsquo;A6), qui est la plus proche. Situ\u00e9 sur le GPS Villanova Mondov\u00ec.  <\/p>\n<p>EN TRAIN &#8211; Gare de Mondov\u00ec &#8211; (ligne Turin-Savona)  <\/p>\n<p>EN AVION &#8211; les a\u00e9roports les plus proches sont Levaldigi et Turin Caselle.<\/p>\n\t\t\t\t\t\t\t\t<\/div>\n\t\t\t\t<\/div>\n\t\t\t\t\t<\/div>\n\t\t<\/div>\n\t\t\t\t\t<\/div>\n\t\t<\/section>\n\t\t\t\t<\/div>\n\t\t","protected":false},"excerpt":{"rendered":"<p>CONTACTEZ-NOUS comment nous joindre La Locanda est situ\u00e9e dans la municipalit\u00e9 de Villanova Mondov\u00ec, une fois arriv\u00e9 dans le village, nous vous conseillons d&rsquo;entrer &lsquo;Garavagna, Localit\u00e0 Scau di Viet n. 3&rsquo; dans votre GPS, vous arriverez \u00e0 la ferme apr\u00e8s quelques minutes. EN VOITURE &#8211; prenez la sortie d&rsquo;autoroute Mondov\u00ec (de l&rsquo;A6), qui est la [&hellip;]<\/p>\n","protected":false},"author":4,"featured_media":0,"parent":0,"menu_order":0,"comment_status":"closed","ping_status":"closed","template":"elementor_header_footer","meta":{"footnotes":""},"class_list":["post-1162","page","type-page","status-publish","hentry"],"yoast_head":"<!-- This site is optimized with the Yoast SEO plugin v26.3 - https:\/\/yoast.com\/wordpress\/plugins\/seo\/ -->\n<title>Contact - Locanda Ca del Pian<\/title>\n<meta name=\"robots\" content=\"index, follow, max-snippet:-1, max-image-preview:large, max-video-preview:-1\" \/>\n<link rel=\"canonical\" href=\"https:\/\/www.locandacadelpian.it\/contatti\/\" \/>\n<meta property=\"og:locale\" content=\"fr_FR\" \/>\n<meta property=\"og:type\" content=\"article\" \/>\n<meta property=\"og:title\" content=\"Contact - Locanda Ca del Pian\" \/>\n<meta property=\"og:description\" content=\"CONTACTEZ-NOUS comment nous joindre La Locanda est situ\u00e9e dans la municipalit\u00e9 de Villanova Mondov\u00ec, une fois arriv\u00e9 dans le village, nous vous conseillons d&rsquo;entrer &lsquo;Garavagna, Localit\u00e0 Scau di Viet n. 3&rsquo; dans votre GPS, vous arriverez \u00e0 la ferme apr\u00e8s quelques minutes. EN VOITURE &#8211; prenez la sortie d&rsquo;autoroute Mondov\u00ec (de l&rsquo;A6), qui est la [&hellip;]\" \/>\n<meta property=\"og:url\" content=\"https:\/\/www.locandacadelpian.it\/contatti\/\" \/>\n<meta property=\"og:site_name\" content=\"Locanda Ca del Pian\" \/>\n<meta property=\"article:modified_time\" content=\"2023-12-28T09:41:55+00:00\" \/>\n<meta name=\"twitter:card\" content=\"summary_large_image\" \/>\n<script type=\"application\/ld+json\" class=\"yoast-schema-graph\">{\"@context\":\"https:\/\/schema.org\",\"@graph\":[{\"@type\":\"WebPage\",\"@id\":\"https:\/\/www.locandacadelpian.it\/contatti\/\",\"url\":\"https:\/\/www.locandacadelpian.it\/contatti\/\",\"name\":\"Contact - Locanda Ca del Pian\",\"isPartOf\":{\"@id\":\"https:\/\/www.locandacadelpian.it\/#website\"},\"datePublished\":\"2023-02-22T10:58:41+00:00\",\"dateModified\":\"2023-12-28T09:41:55+00:00\",\"breadcrumb\":{\"@id\":\"https:\/\/www.locandacadelpian.it\/contatti\/#breadcrumb\"},\"inLanguage\":\"fr-FR\",\"potentialAction\":[{\"@type\":\"ReadAction\",\"target\":[\"https:\/\/www.locandacadelpian.it\/contatti\/\"]}]},{\"@type\":\"BreadcrumbList\",\"@id\":\"https:\/\/www.locandacadelpian.it\/contatti\/#breadcrumb\",\"itemListElement\":[{\"@type\":\"ListItem\",\"position\":1,\"name\":\"Home\",\"item\":\"https:\/\/www.locandacadelpian.it\/\"},{\"@type\":\"ListItem\",\"position\":2,\"name\":\"Contact\"}]},{\"@type\":\"WebSite\",\"@id\":\"https:\/\/www.locandacadelpian.it\/#website\",\"url\":\"https:\/\/www.locandacadelpian.it\/\",\"name\":\"Locanda Ca del Pian\",\"description\":\"Agriturismo\",\"publisher\":{\"@id\":\"https:\/\/www.locandacadelpian.it\/#organization\"},\"potentialAction\":[{\"@type\":\"SearchAction\",\"target\":{\"@type\":\"EntryPoint\",\"urlTemplate\":\"https:\/\/www.locandacadelpian.it\/?s={search_term_string}\"},\"query-input\":{\"@type\":\"PropertyValueSpecification\",\"valueRequired\":true,\"valueName\":\"search_term_string\"}}],\"inLanguage\":\"fr-FR\"},{\"@type\":\"Organization\",\"@id\":\"https:\/\/www.locandacadelpian.it\/#organization\",\"name\":\"Locanda Ca del Pian\",\"url\":\"https:\/\/www.locandacadelpian.it\/\",\"logo\":{\"@type\":\"ImageObject\",\"inLanguage\":\"fr-FR\",\"@id\":\"https:\/\/www.locandacadelpian.it\/#\/schema\/logo\/image\/\",\"url\":\"https:\/\/www.locandacadelpian.it\/wp-content\/uploads\/2023\/02\/cropped-logo_ca-del_pian.png\",\"contentUrl\":\"https:\/\/www.locandacadelpian.it\/wp-content\/uploads\/2023\/02\/cropped-logo_ca-del_pian.png\",\"width\":776,\"height\":535,\"caption\":\"Locanda Ca del Pian\"},\"image\":{\"@id\":\"https:\/\/www.locandacadelpian.it\/#\/schema\/logo\/image\/\"}}]}<\/script>\n<!-- \/ Yoast SEO plugin. -->","yoast_head_json":{"title":"Contact - Locanda Ca del Pian","robots":{"index":"index","follow":"follow","max-snippet":"max-snippet:-1","max-image-preview":"max-image-preview:large","max-video-preview":"max-video-preview:-1"},"canonical":"https:\/\/www.locandacadelpian.it\/contatti\/","og_locale":"fr_FR","og_type":"article","og_title":"Contact - Locanda Ca del Pian","og_description":"CONTACTEZ-NOUS comment nous joindre La Locanda est situ\u00e9e dans la municipalit\u00e9 de Villanova Mondov\u00ec, une fois arriv\u00e9 dans le village, nous vous conseillons d&rsquo;entrer &lsquo;Garavagna, Localit\u00e0 Scau di Viet n. 3&rsquo; dans votre GPS, vous arriverez \u00e0 la ferme apr\u00e8s quelques minutes. EN VOITURE &#8211; prenez la sortie d&rsquo;autoroute Mondov\u00ec (de l&rsquo;A6), qui est la [&hellip;]","og_url":"https:\/\/www.locandacadelpian.it\/contatti\/","og_site_name":"Locanda Ca del Pian","article_modified_time":"2023-12-28T09:41:55+00:00","twitter_card":"summary_large_image","schema":{"@context":"https:\/\/schema.org","@graph":[{"@type":"WebPage","@id":"https:\/\/www.locandacadelpian.it\/contatti\/","url":"https:\/\/www.locandacadelpian.it\/contatti\/","name":"Contact - Locanda Ca del Pian","isPartOf":{"@id":"https:\/\/www.locandacadelpian.it\/#website"},"datePublished":"2023-02-22T10:58:41+00:00","dateModified":"2023-12-28T09:41:55+00:00","breadcrumb":{"@id":"https:\/\/www.locandacadelpian.it\/contatti\/#breadcrumb"},"inLanguage":"fr-FR","potentialAction":[{"@type":"ReadAction","target":["https:\/\/www.locandacadelpian.it\/contatti\/"]}]},{"@type":"BreadcrumbList","@id":"https:\/\/www.locandacadelpian.it\/contatti\/#breadcrumb","itemListElement":[{"@type":"ListItem","position":1,"name":"Home","item":"https:\/\/www.locandacadelpian.it\/"},{"@type":"ListItem","position":2,"name":"Contact"}]},{"@type":"WebSite","@id":"https:\/\/www.locandacadelpian.it\/#website","url":"https:\/\/www.locandacadelpian.it\/","name":"Locanda Ca del Pian","description":"Agriturismo","publisher":{"@id":"https:\/\/www.locandacadelpian.it\/#organization"},"potentialAction":[{"@type":"SearchAction","target":{"@type":"EntryPoint","urlTemplate":"https:\/\/www.locandacadelpian.it\/?s={search_term_string}"},"query-input":{"@type":"PropertyValueSpecification","valueRequired":true,"valueName":"search_term_string"}}],"inLanguage":"fr-FR"},{"@type":"Organization","@id":"https:\/\/www.locandacadelpian.it\/#organization","name":"Locanda Ca del Pian","url":"https:\/\/www.locandacadelpian.it\/","logo":{"@type":"ImageObject","inLanguage":"fr-FR","@id":"https:\/\/www.locandacadelpian.it\/#\/schema\/logo\/image\/","url":"https:\/\/www.locandacadelpian.it\/wp-content\/uploads\/2023\/02\/cropped-logo_ca-del_pian.png","contentUrl":"https:\/\/www.locandacadelpian.it\/wp-content\/uploads\/2023\/02\/cropped-logo_ca-del_pian.png","width":776,"height":535,"caption":"Locanda Ca del Pian"},"image":{"@id":"https:\/\/www.locandacadelpian.it\/#\/schema\/logo\/image\/"}}]}},"_links":{"self":[{"href":"https:\/\/www.locandacadelpian.it\/fr\/wp-json\/wp\/v2\/pages\/1162","targetHints":{"allow":["GET"]}}],"collection":[{"href":"https:\/\/www.locandacadelpian.it\/fr\/wp-json\/wp\/v2\/pages"}],"about":[{"href":"https:\/\/www.locandacadelpian.it\/fr\/wp-json\/wp\/v2\/types\/page"}],"author":[{"embeddable":true,"href":"https:\/\/www.locandacadelpian.it\/fr\/wp-json\/wp\/v2\/users\/4"}],"replies":[{"embeddable":true,"href":"https:\/\/www.locandacadelpian.it\/fr\/wp-json\/wp\/v2\/comments?post=1162"}],"version-history":[{"count":3,"href":"https:\/\/www.locandacadelpian.it\/fr\/wp-json\/wp\/v2\/pages\/1162\/revisions"}],"predecessor-version":[{"id":1796,"href":"https:\/\/www.locandacadelpian.it\/fr\/wp-json\/wp\/v2\/pages\/1162\/revisions\/1796"}],"wp:attachment":[{"href":"https:\/\/www.locandacadelpian.it\/fr\/wp-json\/wp\/v2\/media?parent=1162"}],"curies":[{"name":"wp","href":"https:\/\/api.w.org\/{rel}","templated":true}]}}