{"id":1140,"date":"2023-02-22T10:58:21","date_gmt":"2023-02-22T10:58:21","guid":{"rendered":"https:\/\/www.locandacadelpian.it\/pres-de-chez-nous\/"},"modified":"2023-03-03T09:27:51","modified_gmt":"2023-03-03T09:27:51","slug":"pres-de-chez-nous","status":"publish","type":"page","link":"https:\/\/www.locandacadelpian.it\/fr\/pres-de-chez-nous\/","title":{"rendered":"Pr\u00e8s de chez nous"},"content":{"rendered":"\t\t<div data-elementor-type=\"wp-page\" data-elementor-id=\"1140\" class=\"elementor elementor-1140 elementor-236\">\n\t\t\t\t\t\t<section class=\"elementor-section elementor-top-section elementor-element elementor-element-ec32295 elementor-section-full_width elementor-section-content-middle elementor-section-height-default elementor-section-height-default\" data-id=\"ec32295\" data-element_type=\"section\">\n\t\t\t\t\t\t<div class=\"elementor-container elementor-column-gap-default\">\n\t\t\t\t\t<div class=\"elementor-column elementor-col-50 elementor-top-column elementor-element elementor-element-b1d0e2e\" data-id=\"b1d0e2e\" data-element_type=\"column\">\n\t\t\t<div class=\"elementor-widget-wrap elementor-element-populated\">\n\t\t\t\t\t\t<div class=\"elementor-element elementor-element-cf4bf0e elementor-invisible elementor-widget elementor-widget-heading\" data-id=\"cf4bf0e\" data-element_type=\"widget\" data-settings=\"{&quot;_animation&quot;:&quot;fadeInUp&quot;,&quot;_animation_delay&quot;:200}\" data-widget_type=\"heading.default\">\n\t\t\t\t<div class=\"elementor-widget-container\">\n\t\t\t\t\t<h2 class=\"elementor-heading-title elementor-size-default\">PROCHE DES \u00c9TATS-UNIS<\/h2>\t\t\t\t<\/div>\n\t\t\t\t<\/div>\n\t\t\t\t<div class=\"elementor-element elementor-element-2309e9d elementor-invisible elementor-widget elementor-widget-text-editor\" data-id=\"2309e9d\" data-element_type=\"widget\" data-settings=\"{&quot;_animation&quot;:&quot;fadeInUp&quot;,&quot;_animation_delay&quot;:400}\" data-widget_type=\"text-editor.default\">\n\t\t\t\t<div class=\"elementor-widget-container\">\n\t\t\t\t\t\t\t\t\t<div class=\"uk-h6 uk-font-secondary uk-text-primary uk-margin-remove-top uk-width-xlarge uk-text-left uk-scrollspy-inview uk-animation-fade\">\n<p>NOUS SERONS HEUREUX DE VOUS CONSEILLER SUR LA MEILLEURE FA\u00c7ON DE PASSER VOTRE S\u00c9JOUR, DEMANDEZ-NOUS ET NOUS FERONS EN SORTE QUE VOUS PASSIEZ DES VACANCES M\u00c9MORABLES !  <\/p>\n<p>A seulement 20 kilom\u00e8tres de nous se trouvent les Langhe, patrimoine de l&rsquo;Unesco depuis 2014. Nous pouvons organiser des excursions hors de la ville pour visiter ce splendide patrimoine offrant des paysages \u00e0 couper le souffle et d&rsquo;excellents vins !  <\/p>\n<p>Les remont\u00e9es m\u00e9caniques des domaines skiables de Prato Nevoso et Artesina, et de Lurisia !  <\/p>\n<p>\u00c0 15 kilom\u00e8tres, vous pourrez visiter le sanctuaire de Vicoforte, dont la coupole elliptique la plus grande d&rsquo;Europe abrite les restes du roi Victor Emmanuel III de Savoie et de sa compagne Elena.  <\/p>\n<p>\u00c0 seulement 2 kilom\u00e8tres se trouve la Grotta dei Dossi, le labyrinthe souterrain le plus color\u00e9 d&rsquo;Italie.<\/p>\n<p>Possibilit\u00e9 d&rsquo;organiser des activit\u00e9s de trekking et des parcours en VTT et en e-bike dans les montagnes et les vall\u00e9es du Monregalese (Valle Ellero, Valle Pesio, district de Mondol\u00e8).  <\/p>\n<p>Possibilit\u00e9 de rejoindre les principales stations de ski (alpin et de fond) telles que Prato Nevoso, Artesina, Lurisia, Entracque.  <\/p>\n<\/div>\n\t\t\t\t\t\t\t\t<\/div>\n\t\t\t\t<\/div>\n\t\t\t\t\t<\/div>\n\t\t<\/div>\n\t\t\t\t<div class=\"elementor-column elementor-col-50 elementor-top-column elementor-element elementor-element-8c4f011\" data-id=\"8c4f011\" data-element_type=\"column\">\n\t\t\t<div class=\"elementor-widget-wrap elementor-element-populated\">\n\t\t\t\t\t\t<div class=\"elementor-element elementor-element-1b32d91 elementor-widget elementor-widget-google_maps\" data-id=\"1b32d91\" data-element_type=\"widget\" data-widget_type=\"google_maps.default\">\n\t\t\t\t<div class=\"elementor-widget-container\">\n\t\t\t\t\t\t\t<div class=\"elementor-custom-embed\">\n\t\t\t<iframe loading=\"lazy\"\n\t\t\t\t\tsrc=\"https:\/\/maps.google.com\/maps?q=Localit%C3%A0%20Garavagna-%20loc.%20Scau%20di%20viet%203%2C%2012089%20Villanova%20Mondov%C3%AC%20CN&#038;t=m&#038;z=9&#038;output=embed&#038;iwloc=near\"\n\t\t\t\t\ttitle=\"Localit\u00e0 Garavagna- loc. Scau di viet 3, 12089 Villanova Mondov\u00ec CN\"\n\t\t\t\t\taria-label=\"Localit\u00e0 Garavagna- loc. Scau di viet 3, 12089 Villanova Mondov\u00ec CN\"\n\t\t\t><\/iframe>\n\t\t<\/div>\n\t\t\t\t\t\t<\/div>\n\t\t\t\t<\/div>\n\t\t\t\t\t<\/div>\n\t\t<\/div>\n\t\t\t\t\t<\/div>\n\t\t<\/section>\n\t\t\t\t<\/div>\n\t\t","protected":false},"excerpt":{"rendered":"<p>PROCHE DES \u00c9TATS-UNIS NOUS SERONS HEUREUX DE VOUS CONSEILLER SUR LA MEILLEURE FA\u00c7ON DE PASSER VOTRE S\u00c9JOUR, DEMANDEZ-NOUS ET NOUS FERONS EN SORTE QUE VOUS PASSIEZ DES VACANCES M\u00c9MORABLES ! A seulement 20 kilom\u00e8tres de nous se trouvent les Langhe, patrimoine de l&rsquo;Unesco depuis 2014. Nous pouvons organiser des excursions hors de la ville pour [&hellip;]<\/p>\n","protected":false},"author":4,"featured_media":0,"parent":0,"menu_order":0,"comment_status":"closed","ping_status":"closed","template":"elementor_header_footer","meta":{"footnotes":""},"class_list":["post-1140","page","type-page","status-publish","hentry"],"yoast_head":"<!-- This site is optimized with the Yoast SEO plugin v26.3 - https:\/\/yoast.com\/wordpress\/plugins\/seo\/ -->\n<title>Pr\u00e8s de chez nous - Locanda Ca del Pian<\/title>\n<meta name=\"robots\" content=\"index, follow, max-snippet:-1, max-image-preview:large, max-video-preview:-1\" \/>\n<link rel=\"canonical\" href=\"https:\/\/www.locandacadelpian.it\/vicino-a-noi\/\" \/>\n<meta property=\"og:locale\" content=\"fr_FR\" \/>\n<meta property=\"og:type\" content=\"article\" \/>\n<meta property=\"og:title\" content=\"Pr\u00e8s de chez nous - Locanda Ca del Pian\" \/>\n<meta property=\"og:description\" content=\"PROCHE DES \u00c9TATS-UNIS NOUS SERONS HEUREUX DE VOUS CONSEILLER SUR LA MEILLEURE FA\u00c7ON DE PASSER VOTRE S\u00c9JOUR, DEMANDEZ-NOUS ET NOUS FERONS EN SORTE QUE VOUS PASSIEZ DES VACANCES M\u00c9MORABLES ! A seulement 20 kilom\u00e8tres de nous se trouvent les Langhe, patrimoine de l&rsquo;Unesco depuis 2014. Nous pouvons organiser des excursions hors de la ville pour [&hellip;]\" \/>\n<meta property=\"og:url\" content=\"https:\/\/www.locandacadelpian.it\/vicino-a-noi\/\" \/>\n<meta property=\"og:site_name\" content=\"Locanda Ca del Pian\" \/>\n<meta property=\"article:modified_time\" content=\"2023-03-03T09:27:51+00:00\" \/>\n<meta name=\"twitter:card\" content=\"summary_large_image\" \/>\n<meta name=\"twitter:label1\" content=\"Dur\u00e9e de lecture estim\u00e9e\" \/>\n\t<meta name=\"twitter:data1\" content=\"1 minute\" \/>\n<script type=\"application\/ld+json\" class=\"yoast-schema-graph\">{\"@context\":\"https:\/\/schema.org\",\"@graph\":[{\"@type\":\"WebPage\",\"@id\":\"https:\/\/www.locandacadelpian.it\/vicino-a-noi\/\",\"url\":\"https:\/\/www.locandacadelpian.it\/vicino-a-noi\/\",\"name\":\"Pr\u00e8s de chez nous - Locanda Ca del Pian\",\"isPartOf\":{\"@id\":\"https:\/\/www.locandacadelpian.it\/#website\"},\"datePublished\":\"2023-02-22T10:58:21+00:00\",\"dateModified\":\"2023-03-03T09:27:51+00:00\",\"breadcrumb\":{\"@id\":\"https:\/\/www.locandacadelpian.it\/vicino-a-noi\/#breadcrumb\"},\"inLanguage\":\"fr-FR\",\"potentialAction\":[{\"@type\":\"ReadAction\",\"target\":[\"https:\/\/www.locandacadelpian.it\/vicino-a-noi\/\"]}]},{\"@type\":\"BreadcrumbList\",\"@id\":\"https:\/\/www.locandacadelpian.it\/vicino-a-noi\/#breadcrumb\",\"itemListElement\":[{\"@type\":\"ListItem\",\"position\":1,\"name\":\"Home\",\"item\":\"https:\/\/www.locandacadelpian.it\/\"},{\"@type\":\"ListItem\",\"position\":2,\"name\":\"Pr\u00e8s de chez nous\"}]},{\"@type\":\"WebSite\",\"@id\":\"https:\/\/www.locandacadelpian.it\/#website\",\"url\":\"https:\/\/www.locandacadelpian.it\/\",\"name\":\"Locanda Ca del Pian\",\"description\":\"Agriturismo\",\"publisher\":{\"@id\":\"https:\/\/www.locandacadelpian.it\/#organization\"},\"potentialAction\":[{\"@type\":\"SearchAction\",\"target\":{\"@type\":\"EntryPoint\",\"urlTemplate\":\"https:\/\/www.locandacadelpian.it\/?s={search_term_string}\"},\"query-input\":{\"@type\":\"PropertyValueSpecification\",\"valueRequired\":true,\"valueName\":\"search_term_string\"}}],\"inLanguage\":\"fr-FR\"},{\"@type\":\"Organization\",\"@id\":\"https:\/\/www.locandacadelpian.it\/#organization\",\"name\":\"Locanda Ca del Pian\",\"url\":\"https:\/\/www.locandacadelpian.it\/\",\"logo\":{\"@type\":\"ImageObject\",\"inLanguage\":\"fr-FR\",\"@id\":\"https:\/\/www.locandacadelpian.it\/#\/schema\/logo\/image\/\",\"url\":\"https:\/\/www.locandacadelpian.it\/wp-content\/uploads\/2023\/02\/cropped-logo_ca-del_pian.png\",\"contentUrl\":\"https:\/\/www.locandacadelpian.it\/wp-content\/uploads\/2023\/02\/cropped-logo_ca-del_pian.png\",\"width\":776,\"height\":535,\"caption\":\"Locanda Ca del Pian\"},\"image\":{\"@id\":\"https:\/\/www.locandacadelpian.it\/#\/schema\/logo\/image\/\"}}]}<\/script>\n<!-- \/ Yoast SEO plugin. -->","yoast_head_json":{"title":"Pr\u00e8s de chez nous - Locanda Ca del Pian","robots":{"index":"index","follow":"follow","max-snippet":"max-snippet:-1","max-image-preview":"max-image-preview:large","max-video-preview":"max-video-preview:-1"},"canonical":"https:\/\/www.locandacadelpian.it\/vicino-a-noi\/","og_locale":"fr_FR","og_type":"article","og_title":"Pr\u00e8s de chez nous - Locanda Ca del Pian","og_description":"PROCHE DES \u00c9TATS-UNIS NOUS SERONS HEUREUX DE VOUS CONSEILLER SUR LA MEILLEURE FA\u00c7ON DE PASSER VOTRE S\u00c9JOUR, DEMANDEZ-NOUS ET NOUS FERONS EN SORTE QUE VOUS PASSIEZ DES VACANCES M\u00c9MORABLES ! A seulement 20 kilom\u00e8tres de nous se trouvent les Langhe, patrimoine de l&rsquo;Unesco depuis 2014. Nous pouvons organiser des excursions hors de la ville pour [&hellip;]","og_url":"https:\/\/www.locandacadelpian.it\/vicino-a-noi\/","og_site_name":"Locanda Ca del Pian","article_modified_time":"2023-03-03T09:27:51+00:00","twitter_card":"summary_large_image","twitter_misc":{"Dur\u00e9e de lecture estim\u00e9e":"1 minute"},"schema":{"@context":"https:\/\/schema.org","@graph":[{"@type":"WebPage","@id":"https:\/\/www.locandacadelpian.it\/vicino-a-noi\/","url":"https:\/\/www.locandacadelpian.it\/vicino-a-noi\/","name":"Pr\u00e8s de chez nous - Locanda Ca del Pian","isPartOf":{"@id":"https:\/\/www.locandacadelpian.it\/#website"},"datePublished":"2023-02-22T10:58:21+00:00","dateModified":"2023-03-03T09:27:51+00:00","breadcrumb":{"@id":"https:\/\/www.locandacadelpian.it\/vicino-a-noi\/#breadcrumb"},"inLanguage":"fr-FR","potentialAction":[{"@type":"ReadAction","target":["https:\/\/www.locandacadelpian.it\/vicino-a-noi\/"]}]},{"@type":"BreadcrumbList","@id":"https:\/\/www.locandacadelpian.it\/vicino-a-noi\/#breadcrumb","itemListElement":[{"@type":"ListItem","position":1,"name":"Home","item":"https:\/\/www.locandacadelpian.it\/"},{"@type":"ListItem","position":2,"name":"Pr\u00e8s de chez nous"}]},{"@type":"WebSite","@id":"https:\/\/www.locandacadelpian.it\/#website","url":"https:\/\/www.locandacadelpian.it\/","name":"Locanda Ca del Pian","description":"Agriturismo","publisher":{"@id":"https:\/\/www.locandacadelpian.it\/#organization"},"potentialAction":[{"@type":"SearchAction","target":{"@type":"EntryPoint","urlTemplate":"https:\/\/www.locandacadelpian.it\/?s={search_term_string}"},"query-input":{"@type":"PropertyValueSpecification","valueRequired":true,"valueName":"search_term_string"}}],"inLanguage":"fr-FR"},{"@type":"Organization","@id":"https:\/\/www.locandacadelpian.it\/#organization","name":"Locanda Ca del Pian","url":"https:\/\/www.locandacadelpian.it\/","logo":{"@type":"ImageObject","inLanguage":"fr-FR","@id":"https:\/\/www.locandacadelpian.it\/#\/schema\/logo\/image\/","url":"https:\/\/www.locandacadelpian.it\/wp-content\/uploads\/2023\/02\/cropped-logo_ca-del_pian.png","contentUrl":"https:\/\/www.locandacadelpian.it\/wp-content\/uploads\/2023\/02\/cropped-logo_ca-del_pian.png","width":776,"height":535,"caption":"Locanda Ca del Pian"},"image":{"@id":"https:\/\/www.locandacadelpian.it\/#\/schema\/logo\/image\/"}}]}},"_links":{"self":[{"href":"https:\/\/www.locandacadelpian.it\/fr\/wp-json\/wp\/v2\/pages\/1140","targetHints":{"allow":["GET"]}}],"collection":[{"href":"https:\/\/www.locandacadelpian.it\/fr\/wp-json\/wp\/v2\/pages"}],"about":[{"href":"https:\/\/www.locandacadelpian.it\/fr\/wp-json\/wp\/v2\/types\/page"}],"author":[{"embeddable":true,"href":"https:\/\/www.locandacadelpian.it\/fr\/wp-json\/wp\/v2\/users\/4"}],"replies":[{"embeddable":true,"href":"https:\/\/www.locandacadelpian.it\/fr\/wp-json\/wp\/v2\/comments?post=1140"}],"version-history":[{"count":2,"href":"https:\/\/www.locandacadelpian.it\/fr\/wp-json\/wp\/v2\/pages\/1140\/revisions"}],"predecessor-version":[{"id":1150,"href":"https:\/\/www.locandacadelpian.it\/fr\/wp-json\/wp\/v2\/pages\/1140\/revisions\/1150"}],"wp:attachment":[{"href":"https:\/\/www.locandacadelpian.it\/fr\/wp-json\/wp\/v2\/media?parent=1140"}],"curies":[{"name":"wp","href":"https:\/\/api.w.org\/{rel}","templated":true}]}}